{"id":1825,"date":"2022-07-12T21:47:46","date_gmt":"2022-07-12T19:47:46","guid":{"rendered":"https:\/\/simply-qigong.de\/?page_id=1825"},"modified":"2025-04-03T20:31:49","modified_gmt":"2025-04-03T18:31:49","slug":"angebot","status":"publish","type":"page","link":"https:\/\/simply-qigong.de\/?page_id=1825","title":{"rendered":"Angebot"},"content":{"rendered":"<p>[et_pb_section fb_built=&#8220;1&#8243; _builder_version=&#8220;4.17.4&#8243; _module_preset=&#8220;default&#8220; background_color=&#8220;rgba(0,0,0,0.28)&#8220; background_image=&#8220;https:\/\/simply-qigong.de\/wp-content\/uploads\/2022\/07\/20220625-SimplyQigong-0806.jpg&#8220; background_position=&#8220;top_left&#8220; background_vertical_offset=&#8220;23%&#8220; background_blend=&#8220;soft-light&#8220; locked=&#8220;off&#8220; global_colors_info=&#8220;{}&#8220;][et_pb_row _builder_version=&#8220;4.16&#8243; _module_preset=&#8220;default&#8220; width=&#8220;90%&#8220; max_width=&#8220;1200px&#8220; custom_padding=&#8220;100px||100px||true|false&#8220; global_colors_info=&#8220;{}&#8220;][et_pb_column type=&#8220;4_4&#8243; _builder_version=&#8220;4.16&#8243; _module_preset=&#8220;default&#8220; global_colors_info=&#8220;{}&#8220;][et_pb_text _builder_version=&#8220;4.17.4&#8243; _module_preset=&#8220;default&#8220; text_font=&#8220;Poppins|700|||||||&#8220; text_text_color=&#8220;#FFFFFF&#8220; text_font_size=&#8220;48px&#8220; custom_margin_tablet=&#8220;&#8220; custom_margin_phone=&#8220;||15px||false|false&#8220; custom_margin_last_edited=&#8220;on|phone&#8220; text_font_size_tablet=&#8220;&#8220; text_font_size_phone=&#8220;25px&#8220; text_font_size_last_edited=&#8220;on|phone&#8220; text_orientation_tablet=&#8220;center&#8220; text_orientation_phone=&#8220;&#8220; text_orientation_last_edited=&#8220;on|tablet&#8220; global_colors_info=&#8220;{}&#8220;]<\/p>\n<p>Mein Angebot<\/p>\n<p>[\/et_pb_text][et_pb_text module_class=&#8220;fitnessclassschedule_section1_headertext&#8220; _builder_version=&#8220;4.17.4&#8243; _module_preset=&#8220;default&#8220; link_font=&#8220;Poppins||||||||&#8220; link_font_size=&#8220;18px&#8220; link_font_size_tablet=&#8220;&#8220; link_font_size_phone=&#8220;14px&#8220; link_font_size_last_edited=&#8220;on|phone&#8220; text_orientation_tablet=&#8220;center&#8220; text_orientation_phone=&#8220;&#8220; text_orientation_last_edited=&#8220;on|tablet&#8220; global_colors_info=&#8220;{}&#8220;]<\/p>\n<p><a href=\"#\"> Home <\/a> <a class=\"fitnessclassschedule_section1_text\">Angebot<\/a><\/p>\n<p>[\/et_pb_text][et_pb_code _builder_version=&#8220;4.17.4&#8243; _module_preset=&#8220;default&#8220; global_colors_info=&#8220;{}&#8220;]<\/p>\n<style><!-- [et_pb_line_break_holder] -->\t.fitnessclassschedule_section1_headertext .fitnessclassschedule_section1_text:before{<!-- [et_pb_line_break_holder] -->    content: \"\\35\";<!-- [et_pb_line_break_holder] -->    font-family: 'ETmodules';<!-- [et_pb_line_break_holder] -->    position: relative;<!-- [et_pb_line_break_holder] -->    vertical-align: middle;<!-- [et_pb_line_break_holder] -->    margin: 0 5px;<!-- [et_pb_line_break_holder] -->    top: -2px;<!-- [et_pb_line_break_holder] -->    display: inline-block;<!-- [et_pb_line_break_holder] -->    color: #fff;<!-- [et_pb_line_break_holder] -->  }<!-- [et_pb_line_break_holder] -->  <!-- [et_pb_line_break_holder] -->  .fitnessclassschedule_section1_headertext a:first-child{<!-- [et_pb_line_break_holder] -->    color: #ffffff;<!-- [et_pb_line_break_holder] -->  }<!-- [et_pb_line_break_holder] -->  <!-- [et_pb_line_break_holder] -->  .fitnessclassschedule_section1_headertext a:first-child:hover{<!-- [et_pb_line_break_holder] -->    color: #fff;<!-- [et_pb_line_break_holder] -->  }<!-- [et_pb_line_break_holder] -->  <!-- [et_pb_line_break_holder] -->  .fitnessclassschedule_section1_headertext .fitnessclassschedule_section1_text{<!-- [et_pb_line_break_holder] -->    color: #fff;<!-- [et_pb_line_break_holder] -->  }<!-- [et_pb_line_break_holder] --><\/style>\n<p>[\/et_pb_code][\/et_pb_column][\/et_pb_row][\/et_pb_section][et_pb_section fb_built=&#8220;1&#8243; _builder_version=&#8220;4.16&#8243; _module_preset=&#8220;default&#8220; global_colors_info=&#8220;{}&#8220;][et_pb_row _builder_version=&#8220;4.16&#8243; _module_preset=&#8220;default&#8220; width=&#8220;90%&#8220; max_width=&#8220;1200px&#8220; locked=&#8220;off&#8220; global_colors_info=&#8220;{}&#8220;][et_pb_column type=&#8220;4_4&#8243; saved_specialty_column_type=&#8220;1_2&#8243; _builder_version=&#8220;4.16&#8243; _module_preset=&#8220;default&#8220; global_colors_info=&#8220;{}&#8220;][et_pb_text _builder_version=&#8220;4.18.0&#8243; _module_preset=&#8220;default&#8220; text_font=&#8220;Poppins|700||on|||||&#8220; text_text_color=&#8220;#D6D6D6&#8243; text_font_size=&#8220;120px&#8220; text_orientation=&#8220;center&#8220; background_layout=&#8220;dark&#8220; text_font_size_tablet=&#8220;96px&#8220; text_font_size_phone=&#8220;50px&#8220; text_font_size_last_edited=&#8220;on|tablet&#8220; custom_css_main_element=&#8220;-webkit-text-stroke: 1px rgba(214,214,214,0.5);||    position: absolute;||    top: 0%;||    left: 50%;||    transform: translate(-50%,-50%);||    z-index: -1;||    width: 100%;&#8220; global_colors_info=&#8220;{}&#8220; custom_css_main_element_last_edited=&#8220;on|phone&#8220; custom_css_main_element_phone=&#8220;-webkit-text-stroke: 1px rgba(214,214,214,0.5);||    position: absolute;||    top: 0%;||    left: 50%;||    transform: translate(-50%,-50%);||    z-index: -1;||    width: 100%;&#8220; custom_css_main_element_tablet=&#8220;-webkit-text-stroke: 1px rgba(214,214,214,0.5);||    position: absolute;||    top: 15%;||    left: 50%;||    transform: translate(-50%,-50%);||    z-index: -1;||    width: 100%;&#8220;]<\/p>\n<p>Angebot<\/p>\n<p>[\/et_pb_text][et_pb_text _builder_version=&#8220;4.18.0&#8243; _module_preset=&#8220;default&#8220; text_font=&#8220;Poppins|700|||||||&#8220; text_text_color=&#8220;#111111&#8243; text_font_size=&#8220;54px&#8220; text_line_height=&#8220;64px&#8220; text_orientation=&#8220;center&#8220; custom_margin=&#8220;||5px||false|false&#8220; text_font_size_tablet=&#8220;40px&#8220; text_font_size_phone=&#8220;25px&#8220; text_font_size_last_edited=&#8220;on|tablet&#8220; text_line_height_tablet=&#8220;45px&#8220; text_line_height_phone=&#8220;30px&#8220; text_line_height_last_edited=&#8220;on|phone&#8220; global_colors_info=&#8220;{}&#8220;]<\/p>\n<p>Mein Angebot f\u00fcr Dich. &#8211;\u00a0Wann bist Du bei Simply Qigong dabei?<\/p>\n<p>[\/et_pb_text][et_pb_text _builder_version=&#8220;4.19.0&#8243; _module_preset=&#8220;default&#8220; text_font=&#8220;Poppins||||||||&#8220; text_text_color=&#8220;#5E5E5E&#8220; text_font_size=&#8220;16px&#8220; text_line_height=&#8220;2em&#8220; link_text_color=&#8220;#000000&#8243; text_orientation=&#8220;center&#8220; global_colors_info=&#8220;{}&#8220;]<\/p>\n<p>&nbsp;<\/p>\n<div class=\"gmail_default\"><i>Zur Zeit unterrichte ich die 8 Brokat\u00fcbungen im <strong>R\u00fcngsdorfer KulturBad in Bonn-Bad Godesberg<\/strong>. Das Geb\u00e4ude des gro\u00dfartigen Panoramabads direkt am Rhein lag lange im Dornr\u00f6schenschlaf und wird derzeit durch b\u00fcrgerschaftliches Engagement als Kultur-, Sport- und Begegnungszentrum wiederbelebt (ausf\u00fchrliche Infos unter <a href=\"https:\/\/ruengsdorfer-kulturbad.de\/\" contenteditable=\"false\" title=\"https:\/\/ruengsdorfer-kulturbad.de\/\" target=\"_blank\" rel=\"noopener\">https:\/\/ruengsdorfer-kulturbad.de<\/a>).<\/i><\/div>\n<div class=\"gmail_default\"><i>\u00a0<\/i><\/div>\n<p><i>M\u00f6chtest Du an diesem besonderen Ort in die Welt des Qigong hineinschnuppern, dann vereinbare gern eine Probestunde mit mir. <\/i><\/p>\n<div class=\"gmail_default\"><\/div>\n<p>[\/et_pb_text][et_pb_text _builder_version=&#8220;4.18.0&#8243; _module_preset=&#8220;default&#8220; text_font=&#8220;Poppins|700|||||||&#8220; text_text_color=&#8220;#111111&#8243; text_font_size=&#8220;54px&#8220; text_line_height=&#8220;64px&#8220; text_orientation=&#8220;center&#8220; custom_margin=&#8220;||5px||false|false&#8220; text_font_size_tablet=&#8220;40px&#8220; text_font_size_phone=&#8220;25px&#8220; text_font_size_last_edited=&#8220;on|tablet&#8220; text_line_height_tablet=&#8220;45px&#8220; text_line_height_phone=&#8220;30px&#8220; text_line_height_last_edited=&#8220;on|phone&#8220; global_colors_info=&#8220;{}&#8220;]<\/p>\n<p>Wann und wo?<\/p>\n<p>[\/et_pb_text][et_pb_text _builder_version=&#8220;4.19.0&#8243; _module_preset=&#8220;default&#8220; text_font=&#8220;Poppins||||||||&#8220; text_text_color=&#8220;#2A2A2A&#8220; text_font_size=&#8220;16px&#8220; text_line_height=&#8220;2em&#8220; link_font=&#8220;||||on||||&#8220; link_text_color=&#8220;#000000&#8243; text_orientation=&#8220;center&#8220; global_colors_info=&#8220;{}&#8220;]<\/p>\n<p>&nbsp;<\/p>\n<h2><span style=\"color: #000000;\"><strong>8 Brokat\u00fcbungen:<\/strong><\/span><\/h2>\n<div class=\"gmail_default\">Bonn-Bad Godesberg, R\u00fcngsdorfer KulturBad im Panoramabad<\/div>\n<div class=\"gmail_default\">(Am Schwimmbad, 53179 Bonn)<\/div>\n<p><strong>Donnerstag von 18:30 &#8211; 19:30 Uhr<\/strong><\/p>\n<p><span style=\"color: #000000;\"><strong><\/strong><\/span><\/p>\n<p><span style=\"color: #000000;\"><strong><\/strong><\/span><\/p>\n<div class=\"gmail_default\"><strong>Weitere Termine i<\/strong><strong>n Vorbereitung.<\/strong><\/div>\n<p>&nbsp;<\/p>\n<p>[\/et_pb_text][\/et_pb_column][\/et_pb_row][\/et_pb_section]<\/p>\n","protected":false},"excerpt":{"rendered":"<p>Mein Angebot Home AngebotAngebotMein Angebot f\u00fcr Dich. &#8211;\u00a0Wann bist Du bei Simply Qigong dabei?&nbsp; Zur Zeit unterrichte ich die 8 Brokat\u00fcbungen im R\u00fcngsdorfer KulturBad in Bonn-Bad Godesberg. Das Geb\u00e4ude des gro\u00dfartigen Panoramabads direkt am Rhein lag lange im Dornr\u00f6schenschlaf und wird derzeit durch b\u00fcrgerschaftliches Engagement als Kultur-, Sport- und Begegnungszentrum wiederbelebt (ausf\u00fchrliche Infos unter https:\/\/ruengsdorfer-kulturbad.de). [&hellip;]<\/p>\n","protected":false},"author":1,"featured_media":0,"parent":0,"menu_order":0,"comment_status":"closed","ping_status":"closed","template":"","meta":{"_et_pb_use_builder":"on","_et_pb_old_content":"","_et_gb_content_width":"","footnotes":""},"class_list":["post-1825","page","type-page","status-publish","hentry"],"_links":{"self":[{"href":"https:\/\/simply-qigong.de\/index.php?rest_route=\/wp\/v2\/pages\/1825","targetHints":{"allow":["GET"]}}],"collection":[{"href":"https:\/\/simply-qigong.de\/index.php?rest_route=\/wp\/v2\/pages"}],"about":[{"href":"https:\/\/simply-qigong.de\/index.php?rest_route=\/wp\/v2\/types\/page"}],"author":[{"embeddable":true,"href":"https:\/\/simply-qigong.de\/index.php?rest_route=\/wp\/v2\/users\/1"}],"replies":[{"embeddable":true,"href":"https:\/\/simply-qigong.de\/index.php?rest_route=%2Fwp%2Fv2%2Fcomments&post=1825"}],"version-history":[{"count":25,"href":"https:\/\/simply-qigong.de\/index.php?rest_route=\/wp\/v2\/pages\/1825\/revisions"}],"predecessor-version":[{"id":2332,"href":"https:\/\/simply-qigong.de\/index.php?rest_route=\/wp\/v2\/pages\/1825\/revisions\/2332"}],"wp:attachment":[{"href":"https:\/\/simply-qigong.de\/index.php?rest_route=%2Fwp%2Fv2%2Fmedia&parent=1825"}],"curies":[{"name":"wp","href":"https:\/\/api.w.org\/{rel}","templated":true}]}}